{"id":18,"date":"2015-10-03T10:08:12","date_gmt":"2015-10-03T09:08:12","guid":{"rendered":"http:\/\/www.snetaamontpellier.fr\/site\/?page_id=18"},"modified":"2024-09-22T10:08:59","modified_gmt":"2024-09-22T09:08:59","slug":"vosrepresentants","status":"publish","type":"page","link":"https:\/\/www.snetaamontpellier.fr\/site\/vosrepresentants\/","title":{"rendered":"Vos repr\u00e9sentants"},"content":{"rendered":"<p style=\"text-align: center;\">&#8212;&#8212;&#8212;&#8212;&#8212;&#8212;&#8212;&#8212;&#8212;&#8212;&#8212;&#8212;&#8212;&#8212;&#8212;&#8212;&#8212;&#8212;&#8212;&#8212;&#8212;&#8212;&#8212;&#8212;&#8212;&#8212;&#8212;&#8212;&#8212;&#8211;<\/p>\n<h1 style=\"text-align: center;\"><span style=\"font-size: 18pt;\"><span style=\"color: #611582;\">V<span style=\"color: #ed6f01;\">O<\/span><span style=\"color: #ca0034;\">S <\/span>E<span style=\"color: #ed6f01;\">L<\/span><span style=\"color: #ca0034;\">U<\/span>S\u00a0<span style=\"color: #ed6f01;\">P<span style=\"color: #ca0034;\">L<\/span><\/span><\/span><\/span><span style=\"font-size: 18pt;\"><span style=\"color: #611582;\">P<\/span><\/span><\/h1>\n<ul style=\"font-weight: 400;\">\n<li>Elu au CSa Comite social Acad\u00e9mique : Jean-Luc DUSSOL<\/li>\n<li>Elus \u00e0 la CAPA 2nd degr\u00e9 : Mapi ESTEBAN et Jean-Luc DUSSOL<\/li>\n<li>Membre \u00e0 la FS SST Acad\u00e9mique : Jean-Luc DUSSOL<\/li>\n<li>Membre \u00e0 la FS SST D\u00e9partementale : Jean-Francois PASCAL<\/li>\n<li>Membre de la CDEN du GARD : Jean-Francois CHANARD<\/li>\n<\/ul>\n<p style=\"text-align: center;\">&#8212;&#8212;&#8212;&#8212;&#8212;&#8212;&#8212;&#8212;&#8212;&#8212;&#8212;&#8212;&#8212;&#8212;&#8212;&#8212;&#8212;&#8212;&#8212;&#8212;&#8212;&#8212;&#8212;&#8212;&#8212;&#8212;&#8212;&#8212;&#8212;&#8211;<\/p>\n<h1 style=\"text-align: center;\"><span style=\"font-size: 18pt;\"><span style=\"color: #611582;\">C<span style=\"color: #ed6f01;\">O<\/span><span style=\"color: #ca0034;\">N<\/span>T<span style=\"color: #ed6f01;\">A<\/span><span style=\"color: #ca0034;\">C<\/span>T<span style=\"color: #ed6f01;\">S <span style=\"color: #ca0034;\">E<\/span><\/span>Q<span style=\"color: #ed6f01;\">U<\/span><span style=\"color: #ca0034;\">I<\/span>P<span style=\"color: #ed6f01;\">E <\/span><span style=\"color: #ca0034;\">A<\/span>C<span style=\"color: #ed6f01;\">A<\/span><\/span><\/span><span style=\"font-size: 18pt;\"><span style=\"color: #611582;\"><span style=\"color: #ca0034;\">D<\/span><\/span><\/span><span style=\"font-size: 18pt;\"><span style=\"color: #611582;\">E<span style=\"color: #ed6f01;\">M<\/span><span style=\"color: #ca0034;\">I<\/span>Q<span style=\"color: #ed6f01;\">U<span style=\"color: #ca0034;\">E<\/span><\/span><\/span><\/span><\/h1>\n<p><a href=\"https:\/\/www.snetaamontpellier.fr\/site\/wp-content\/uploads\/2024\/08\/affiche-sdp-snetaa-montpellier-nouvelle-version-2024-scaled.jpg\" data-rel=\"lightbox-image-0\" data-rl_title=\"\" data-rl_caption=\"\" title=\"\"><img loading=\"lazy\" decoding=\"async\" class=\"aligncenter size-large wp-image-3019\" src=\"https:\/\/www.snetaamontpellier.fr\/site\/wp-content\/uploads\/2024\/08\/affiche-sdp-snetaa-montpellier-nouvelle-version-2024-724x1024.jpg\" alt=\"\" width=\"724\" height=\"1024\" srcset=\"https:\/\/www.snetaamontpellier.fr\/site\/wp-content\/uploads\/2024\/08\/affiche-sdp-snetaa-montpellier-nouvelle-version-2024-724x1024.jpg 724w, https:\/\/www.snetaamontpellier.fr\/site\/wp-content\/uploads\/2024\/08\/affiche-sdp-snetaa-montpellier-nouvelle-version-2024-212x300.jpg 212w, https:\/\/www.snetaamontpellier.fr\/site\/wp-content\/uploads\/2024\/08\/affiche-sdp-snetaa-montpellier-nouvelle-version-2024-768x1086.jpg 768w, https:\/\/www.snetaamontpellier.fr\/site\/wp-content\/uploads\/2024\/08\/affiche-sdp-snetaa-montpellier-nouvelle-version-2024-1086x1536.jpg 1086w, https:\/\/www.snetaamontpellier.fr\/site\/wp-content\/uploads\/2024\/08\/affiche-sdp-snetaa-montpellier-nouvelle-version-2024-1448x2048.jpg 1448w, https:\/\/www.snetaamontpellier.fr\/site\/wp-content\/uploads\/2024\/08\/affiche-sdp-snetaa-montpellier-nouvelle-version-2024-scaled.jpg 1810w\" sizes=\"auto, (max-width: 724px) 100vw, 724px\" \/><\/a><\/p>\n<p style=\"text-align: center;\">&#8212;&#8212;&#8212;&#8212;&#8212;&#8212;&#8212;&#8212;&#8212;&#8212;&#8212;&#8212;&#8212;&#8212;&#8212;&#8212;&#8212;&#8212;&#8212;&#8212;&#8212;&#8212;&#8212;&#8212;&#8212;&#8212;&#8212;&#8212;&#8212;&#8211;<\/p>\n<p>Vous trouverez sur le site national les informations concernant l\u2019histoire du SNETAA, la\u00a0composition du bureau national, les\u00a0membres du conseil national, les\u00a0statuts du SNETAA national\u00a0et le\u00a0r\u00e8glement int\u00e9rieur du SNETAA national.\u00a0<em>(cliquez\u00a0 sur <a href=\"http:\/\/www.snetaa.org\/3.aspx\">CE lien<\/a>).<\/em><\/p>\n<hr \/>\n<h1 style=\"text-align: center;\"><span style=\"color: #611582;\">R<span style=\"color: #ed6f01;\">\u00e8<\/span><span style=\"color: #ca0034;\">g<\/span>l<span style=\"color: #ed6f01;\">e<\/span><span style=\"color: #ca0034;\">m<\/span><\/span><span style=\"color: #611582;\">e<span style=\"color: #ed6f01;\">n<\/span><span style=\"color: #ca0034;\">t\u00a0<\/span><\/span><span style=\"color: #611582;\">i<span style=\"color: #ed6f01;\">n<span style=\"color: #ca0034;\">t<\/span><\/span>\u00e9<\/span><span style=\"color: #611582;\"><span style=\"color: #ed6f01;\">r<span style=\"color: #ca0034;\">i<\/span><\/span>e<\/span><span style=\"color: #611582;\"><span style=\"color: #ed6f01;\">u<\/span><\/span><span style=\"color: #611582;\"><span style=\"color: #ca0034;\">r<\/span><\/span><\/h1>\n<div id=\"bloc_ctl02_divTexte\" class=\"Texte1\" align=\"left\">\n<h1 style=\"text-align: center;\"><span style=\"color: #611582;\">S<span style=\"color: #ed6f01;\">N<span style=\"color: #ca0034;\">E<\/span><\/span>T<\/span><span style=\"color: #611582;\"><span style=\"color: #ed6f01;\">A<\/span><\/span><span style=\"color: #611582;\"><span style=\"color: #ed6f01;\"><span style=\"color: #ca0034;\">A <\/span><\/span><\/span><span style=\"color: #611582;\">M<\/span><span style=\"color: #611582;\"><span style=\"color: #ed6f01;\">o<span style=\"color: #ca0034;\">n<\/span><\/span>t<\/span><span style=\"color: #611582;\"><span style=\"color: #ed6f01;\">p<\/span><\/span><span style=\"color: #611582;\"><span style=\"color: #ca0034;\">e<\/span>l<\/span><span style=\"color: #611582;\"><span style=\"color: #ed6f01;\">l<span style=\"color: #ca0034;\">i<\/span><\/span>e<span style=\"color: #ed6f01;\">r<\/span><\/span><\/h1>\n<p><a href=\"https:\/\/www.snetaamontpellier.fr\/site\/wp-content\/uploads\/2019\/11\/dia-4-1-RI-acad-Montpellier-maj-01-11-2019.pdf\"><img loading=\"lazy\" decoding=\"async\" class=\"aligncenter wp-image-2226 size-large\" src=\"https:\/\/www.snetaamontpellier.fr\/site\/wp-content\/uploads\/2019\/11\/dia-4-1-RI-acad-Montpellier-maj-01-11-2019-724x1024.jpg\" alt=\"\" width=\"724\" height=\"1024\" srcset=\"https:\/\/www.snetaamontpellier.fr\/site\/wp-content\/uploads\/2019\/11\/dia-4-1-RI-acad-Montpellier-maj-01-11-2019-724x1024.jpg 724w, https:\/\/www.snetaamontpellier.fr\/site\/wp-content\/uploads\/2019\/11\/dia-4-1-RI-acad-Montpellier-maj-01-11-2019-212x300.jpg 212w, https:\/\/www.snetaamontpellier.fr\/site\/wp-content\/uploads\/2019\/11\/dia-4-1-RI-acad-Montpellier-maj-01-11-2019-768x1087.jpg 768w, https:\/\/www.snetaamontpellier.fr\/site\/wp-content\/uploads\/2019\/11\/dia-4-1-RI-acad-Montpellier-maj-01-11-2019.jpg 826w\" sizes=\"auto, (max-width: 724px) 100vw, 724px\" \/><\/a><\/p>\n<\/div>\n\n","protected":false},"excerpt":{"rendered":"<p>&#8212;&#8212;&#8212;&#8212;&#8212;&#8212;&#8212;&#8212;&#8212;&#8212;&#8212;&#8212;&#8212;&#8212;&#8212;&#8212;&#8212;&#8212;&#8212;&#8212;&#8212;&#8212;&#8212;&#8212;&#8212;&#8212;&#8212;&#8212;&#8212;&#8211; VOS ELUS\u00a0PLP Elu au CSa Comite social Acad\u00e9mique : Jean-Luc DUSSOL Elus \u00e0 la CAPA 2nd degr\u00e9 : Mapi ESTEBAN et Jean-Luc DUSSOL Membre \u00e0 la FS SST Acad\u00e9mique : Jean-Luc DUSSOL Membre&#46;&#46;&#46;<\/p>\n","protected":false},"author":1,"featured_media":0,"parent":0,"menu_order":0,"comment_status":"closed","ping_status":"closed","template":"","meta":{"footnotes":""},"class_list":["post-18","page","type-page","status-publish","hentry"],"_links":{"self":[{"href":"https:\/\/www.snetaamontpellier.fr\/site\/wp-json\/wp\/v2\/pages\/18","targetHints":{"allow":["GET"]}}],"collection":[{"href":"https:\/\/www.snetaamontpellier.fr\/site\/wp-json\/wp\/v2\/pages"}],"about":[{"href":"https:\/\/www.snetaamontpellier.fr\/site\/wp-json\/wp\/v2\/types\/page"}],"author":[{"embeddable":true,"href":"https:\/\/www.snetaamontpellier.fr\/site\/wp-json\/wp\/v2\/users\/1"}],"replies":[{"embeddable":true,"href":"https:\/\/www.snetaamontpellier.fr\/site\/wp-json\/wp\/v2\/comments?post=18"}],"version-history":[{"count":92,"href":"https:\/\/www.snetaamontpellier.fr\/site\/wp-json\/wp\/v2\/pages\/18\/revisions"}],"predecessor-version":[{"id":3103,"href":"https:\/\/www.snetaamontpellier.fr\/site\/wp-json\/wp\/v2\/pages\/18\/revisions\/3103"}],"wp:attachment":[{"href":"https:\/\/www.snetaamontpellier.fr\/site\/wp-json\/wp\/v2\/media?parent=18"}],"curies":[{"name":"wp","href":"https:\/\/api.w.org\/{rel}","templated":true}]}}